{"id":93,"date":"2018-12-10T21:51:31","date_gmt":"2018-12-11T00:51:31","guid":{"rendered":"http:\/\/matafuegospetrini.com.ar\/?page_id=93"},"modified":"2018-12-10T22:21:01","modified_gmt":"2018-12-11T01:21:01","slug":"informacion","status":"publish","type":"page","link":"https:\/\/matafuegospetrini.com.ar\/index.php\/informacion\/","title":{"rendered":"Informaci\u00f3n"},"content":{"rendered":"\t\t<div data-elementor-type=\"wp-post\" data-elementor-id=\"93\" class=\"elementor elementor-93 elementor-bc-flex-widget\" data-elementor-post-type=\"page\">\n\t\t\t\t\t\t<section class=\"elementor-section elementor-top-section elementor-element elementor-element-22f718d elementor-section-boxed elementor-section-height-default elementor-section-height-default\" data-id=\"22f718d\" data-element_type=\"section\" data-e-type=\"section\">\n\t\t\t\t\t\t<div class=\"elementor-container elementor-column-gap-default\">\n\t\t\t\t\t<div class=\"elementor-column elementor-col-100 elementor-top-column elementor-element elementor-element-7f7b305\" data-id=\"7f7b305\" data-element_type=\"column\" data-e-type=\"column\">\n\t\t\t<div class=\"elementor-widget-wrap elementor-element-populated\">\n\t\t\t\t\t\t<div class=\"elementor-element elementor-element-148b416 elementor-widget elementor-widget-spacer\" data-id=\"148b416\" data-element_type=\"widget\" data-e-type=\"widget\" data-widget_type=\"spacer.default\">\n\t\t\t\t<div class=\"elementor-widget-container\">\n\t\t\t\t\t\t\t<div class=\"elementor-spacer\">\n\t\t\t<div class=\"elementor-spacer-inner\"><\/div>\n\t\t<\/div>\n\t\t\t\t\t\t<\/div>\n\t\t\t\t<\/div>\n\t\t\t\t\t<\/div>\n\t\t<\/div>\n\t\t\t\t\t<\/div>\n\t\t<\/section>\n\t\t\t\t<section class=\"elementor-section elementor-top-section elementor-element elementor-element-1b0a48a elementor-section-boxed elementor-section-height-default elementor-section-height-default\" data-id=\"1b0a48a\" data-element_type=\"section\" data-e-type=\"section\" data-settings=\"{&quot;background_background&quot;:&quot;classic&quot;}\">\n\t\t\t\t\t\t<div class=\"elementor-container elementor-column-gap-default\">\n\t\t\t\t\t<div class=\"elementor-column elementor-col-50 elementor-top-column elementor-element elementor-element-7bc9996\" data-id=\"7bc9996\" data-element_type=\"column\" data-e-type=\"column\">\n\t\t\t<div class=\"elementor-widget-wrap elementor-element-populated\">\n\t\t\t\t\t\t<div class=\"elementor-element elementor-element-44f1f0c elementor-widget elementor-widget-image\" data-id=\"44f1f0c\" data-element_type=\"widget\" data-e-type=\"widget\" data-widget_type=\"image.default\">\n\t\t\t\t<div class=\"elementor-widget-container\">\n\t\t\t\t\t\t\t\t\t\t\t\t\t\t\t<img fetchpriority=\"high\" decoding=\"async\" width=\"349\" height=\"349\" src=\"https:\/\/matafuegospetrini.com.ar\/wp-content\/uploads\/2018\/12\/tetraedro-petrini.jpg\" class=\"attachment-large size-large wp-image-118\" alt=\"\" srcset=\"https:\/\/matafuegospetrini.com.ar\/wp-content\/uploads\/2018\/12\/tetraedro-petrini.jpg 349w, https:\/\/matafuegospetrini.com.ar\/wp-content\/uploads\/2018\/12\/tetraedro-petrini-150x150.jpg 150w, https:\/\/matafuegospetrini.com.ar\/wp-content\/uploads\/2018\/12\/tetraedro-petrini-300x300.jpg 300w, https:\/\/matafuegospetrini.com.ar\/wp-content\/uploads\/2018\/12\/tetraedro-petrini-100x100.jpg 100w\" sizes=\"100vw\" \/>\t\t\t\t\t\t\t\t\t\t\t\t\t\t\t<\/div>\n\t\t\t\t<\/div>\n\t\t\t\t\t<\/div>\n\t\t<\/div>\n\t\t\t\t<div class=\"elementor-column elementor-col-50 elementor-top-column elementor-element elementor-element-e9cdfa7\" data-id=\"e9cdfa7\" data-element_type=\"column\" data-e-type=\"column\">\n\t\t\t<div class=\"elementor-widget-wrap elementor-element-populated\">\n\t\t\t\t\t\t<div class=\"elementor-element elementor-element-4d625ad elementor-widget elementor-widget-image\" data-id=\"4d625ad\" data-element_type=\"widget\" data-e-type=\"widget\" data-widget_type=\"image.default\">\n\t\t\t\t<div class=\"elementor-widget-container\">\n\t\t\t\t\t\t\t\t\t\t\t\t\t\t\t<img decoding=\"async\" width=\"111\" height=\"111\" src=\"https:\/\/matafuegospetrini.com.ar\/wp-content\/uploads\/2018\/12\/iso-matafuegos-petrini.png\" class=\"attachment-large size-large wp-image-18\" alt=\"\" srcset=\"https:\/\/matafuegospetrini.com.ar\/wp-content\/uploads\/2018\/12\/iso-matafuegos-petrini.png 111w, https:\/\/matafuegospetrini.com.ar\/wp-content\/uploads\/2018\/12\/iso-matafuegos-petrini-100x100.png 100w\" sizes=\"100vw\" \/>\t\t\t\t\t\t\t\t\t\t\t\t\t\t\t<\/div>\n\t\t\t\t<\/div>\n\t\t\t\t<div class=\"elementor-element elementor-element-6d7c240 elementor-widget elementor-widget-heading\" data-id=\"6d7c240\" data-element_type=\"widget\" data-e-type=\"widget\" data-widget_type=\"heading.default\">\n\t\t\t\t<div class=\"elementor-widget-container\">\n\t\t\t\t\t<h2 class=\"elementor-heading-title elementor-size-default\">Informaci\u00f3n<\/h2>\t\t\t\t<\/div>\n\t\t\t\t<\/div>\n\t\t\t\t<div class=\"elementor-element elementor-element-cdaf452 elementor-widget elementor-widget-text-editor\" data-id=\"cdaf452\" data-element_type=\"widget\" data-e-type=\"widget\" data-widget_type=\"text-editor.default\">\n\t\t\t\t<div class=\"elementor-widget-container\">\n\t\t\t\t\t\t\t\t\t<p>El tetraedro del fuego representa a los 4 elementos necesarios para que el fuego pueda originarse:<\/p><p><strong>a \u2022 Calor<\/strong><br \/><strong>b \u2022 Combustible<\/strong><br \/><strong>c \u2022 Ox\u00edgeno<\/strong><br \/><strong>d \u2022 La Reacci\u00f3n Qu\u00edmica entre ellos<\/strong><\/p><p>El ox\u00edgeno y el combustible se encargan de mantener la combusti\u00f3n, el calor lleva al combustible a su estado<br \/>de ignici\u00f3n y la reacci\u00f3n entre los elementos permite que el fuego se origine.<br \/>La privaci\u00f3n de cualquiera de estos 4 elementos har\u00e1 que el fuego no pueda generarse y en esto se basa el <br \/>concepto de prevenci\u00f3n del fuego.<\/p>\t\t\t\t\t\t\t\t<\/div>\n\t\t\t\t<\/div>\n\t\t\t\t\t<\/div>\n\t\t<\/div>\n\t\t\t\t\t<\/div>\n\t\t<\/section>\n\t\t\t\t<\/div>\n\t\t","protected":false},"excerpt":{"rendered":"<p>Informaci\u00f3n El tetraedro del fuego representa a los 4 elementos necesarios para que el fuego pueda originarse: a \u2022 Calorb \u2022 Combustiblec \u2022 Ox\u00edgenod \u2022 La Reacci\u00f3n Qu\u00edmica entre ellos El ox\u00edgeno y el combustible se encargan de mantener la combusti\u00f3n, el calor lleva al combustible a su estadode ignici\u00f3n y la reacci\u00f3n entre los &hellip; <\/p>\n<p class=\"link-more\"><a href=\"https:\/\/matafuegospetrini.com.ar\/index.php\/informacion\/\" class=\"more-link\">Segu\u00ed leyendo<span class=\"screen-reader-text\"> &#8220;Informaci\u00f3n&#8221;<\/span><\/a><\/p>\n","protected":false},"author":1,"featured_media":0,"parent":0,"menu_order":5,"comment_status":"closed","ping_status":"closed","template":"elementor_header_footer","meta":{"_monsterinsights_skip_tracking":false,"_monsterinsights_sitenote_active":false,"_monsterinsights_sitenote_note":"","_monsterinsights_sitenote_category":0,"footnotes":""},"class_list":["post-93","page","type-page","status-publish","hentry"],"_links":{"self":[{"href":"https:\/\/matafuegospetrini.com.ar\/index.php\/wp-json\/wp\/v2\/pages\/93","targetHints":{"allow":["GET"]}}],"collection":[{"href":"https:\/\/matafuegospetrini.com.ar\/index.php\/wp-json\/wp\/v2\/pages"}],"about":[{"href":"https:\/\/matafuegospetrini.com.ar\/index.php\/wp-json\/wp\/v2\/types\/page"}],"author":[{"embeddable":true,"href":"https:\/\/matafuegospetrini.com.ar\/index.php\/wp-json\/wp\/v2\/users\/1"}],"replies":[{"embeddable":true,"href":"https:\/\/matafuegospetrini.com.ar\/index.php\/wp-json\/wp\/v2\/comments?post=93"}],"version-history":[{"count":2,"href":"https:\/\/matafuegospetrini.com.ar\/index.php\/wp-json\/wp\/v2\/pages\/93\/revisions"}],"predecessor-version":[{"id":119,"href":"https:\/\/matafuegospetrini.com.ar\/index.php\/wp-json\/wp\/v2\/pages\/93\/revisions\/119"}],"wp:attachment":[{"href":"https:\/\/matafuegospetrini.com.ar\/index.php\/wp-json\/wp\/v2\/media?parent=93"}],"curies":[{"name":"wp","href":"https:\/\/api.w.org\/{rel}","templated":true}]}}