{"id":2,"date":"2018-03-26T21:37:25","date_gmt":"2018-03-26T21:37:25","guid":{"rendered":"http:\/\/matafuegospetrini.com.ar\/\/?page_id=2"},"modified":"2018-12-11T12:21:00","modified_gmt":"2018-12-11T15:21:00","slug":"inicio","status":"publish","type":"page","link":"https:\/\/matafuegospetrini.com.ar\/","title":{"rendered":"Inicio"},"content":{"rendered":"\t\t<div data-elementor-type=\"wp-post\" data-elementor-id=\"2\" class=\"elementor elementor-2 elementor-bc-flex-widget\" data-elementor-post-type=\"page\">\n\t\t\t\t\t\t<section class=\"elementor-section elementor-top-section elementor-element elementor-element-8ee01cf elementor-section-full_width elementor-section-height-default elementor-section-height-default\" data-id=\"8ee01cf\" data-element_type=\"section\" data-e-type=\"section\">\n\t\t\t\t\t\t<div class=\"elementor-container elementor-column-gap-default\">\n\t\t\t\t\t<div class=\"elementor-column elementor-col-100 elementor-top-column elementor-element elementor-element-d6f5a23\" data-id=\"d6f5a23\" data-element_type=\"column\" data-e-type=\"column\">\n\t\t\t<div class=\"elementor-widget-wrap elementor-element-populated\">\n\t\t\t\t\t\t<div class=\"elementor-element elementor-element-d423924 elementor--h-position-center elementor--v-position-middle elementor-arrows-position-inside elementor-pagination-position-inside elementor-widget elementor-widget-slides\" data-id=\"d423924\" data-element_type=\"widget\" data-e-type=\"widget\" data-settings=\"{&quot;navigation&quot;:&quot;both&quot;,&quot;autoplay&quot;:&quot;yes&quot;,&quot;pause_on_hover&quot;:&quot;yes&quot;,&quot;pause_on_interaction&quot;:&quot;yes&quot;,&quot;autoplay_speed&quot;:5000,&quot;infinite&quot;:&quot;yes&quot;,&quot;transition&quot;:&quot;slide&quot;,&quot;transition_speed&quot;:500}\" data-widget_type=\"slides.default\">\n\t\t\t\t<div class=\"elementor-widget-container\">\n\t\t\t\t\t\t\t\t\t<div class=\"elementor-swiper\">\n\t\t\t\t\t<div class=\"elementor-slides-wrapper elementor-main-swiper swiper\" role=\"region\" aria-roledescription=\"carousel\" aria-label=\"Slides\" dir=\"ltr\" data-animation=\"fadeInUp\">\n\t\t\t\t<div class=\"swiper-wrapper elementor-slides\">\n\t\t\t\t\t\t\t\t\t\t<div class=\"elementor-repeater-item-7d3ae51 swiper-slide\" role=\"group\" aria-roledescription=\"slide\"><div class=\"swiper-slide-bg\" role=\"img\"><\/div><div class=\"elementor-background-overlay\"><\/div><a class=\"swiper-slide-inner\" href=\"http:\/\/matafuegospetrini.com.ar\/index.php\/servicios\/\"><div class=\"swiper-slide-contents\"><div class=\"elementor-slide-heading\">Provisi\u00f3n, recarga y mantenimiento de Matafuegos<\/div><div class=\"elementor-slide-description\">\u2022 Recarga de matafuegos\n\u2022 Abono por mantenimiento de matafuegos y sistemas contra incendio\n\u2022 Controles y mantenimientos\n\u2022 Prueba hidr\u00e1ulica de mangueras<\/div><div  class=\"elementor-button elementor-slide-button elementor-size-sm\">SERVICIOS<\/div><\/div><\/a><\/div><div class=\"elementor-repeater-item-c95d490 swiper-slide\" role=\"group\" aria-roledescription=\"slide\"><div class=\"swiper-slide-bg\" role=\"img\"><\/div><div class=\"elementor-background-overlay\"><\/div><a class=\"swiper-slide-inner\" href=\"http:\/\/matafuegospetrini.com.ar\/index.php\/productos\/\"><div class=\"swiper-slide-contents\"><div class=\"elementor-slide-heading\">Equipos extintores manuales y rodantes<\/div><div class=\"elementor-slide-description\">\u2022 Clase (ABC): Polvo Qu\u00edmico. HCFC 123 Haloclean\n\u2022 Clase (BC): co2 Anh\u00eddrido Carb\u00f3nico\n\u2022 Clase (AB): AFFF \u2013 Light Water \n\u2022 Clase (A): Agua\n\u2022 Clase (ACK): Agua Vaporizada Wet Chemical\n\u2022 Se\u00f1alizaci\u00f3n reglamentaria: Luces de emergencias, Cintas antideslizantes\n\u2022 Mangueras y Accesorios\n\u2022 Gabinetes para equipos extintores y mangueras<\/div><div  class=\"elementor-button elementor-slide-button elementor-size-sm\">PRODUCTOS<\/div><\/div><\/a><\/div><div class=\"elementor-repeater-item-248e4ef swiper-slide\" role=\"group\" aria-roledescription=\"slide\"><div class=\"swiper-slide-bg\" role=\"img\"><\/div><div class=\"elementor-background-overlay\"><\/div><a class=\"swiper-slide-inner\" href=\"http:\/\/matafuegospetrini.com.ar\/index.php\/informacion\/\"><div class=\"swiper-slide-contents\"><div class=\"elementor-slide-heading\">Asesoramiento<\/div><div class=\"elementor-slide-description\">\u2022 Clases de Fuego.\n\u2022 Extintores de Incendio.\n\u2022 Modo de uso del Equipo Extintor.\n\u2022 Dotaci\u00f3n.\n\u2022 Reglamentaci\u00f3n Vigente.<\/div><div  class=\"elementor-button elementor-slide-button elementor-size-sm\">INFORMACION<\/div><\/div><\/a><\/div>\t\t\t\t<\/div>\n\t\t\t\t\t\t\t\t\t\t\t\t\t\t\t<div class=\"elementor-swiper-button elementor-swiper-button-prev\" role=\"button\" tabindex=\"0\" aria-label=\"Previous slide\">\n\t\t\t\t\t\t\t<i aria-hidden=\"true\" class=\"eicon-chevron-left\"><\/i>\t\t\t\t\t\t<\/div>\n\t\t\t\t\t\t<div class=\"elementor-swiper-button elementor-swiper-button-next\" role=\"button\" tabindex=\"0\" aria-label=\"Next slide\">\n\t\t\t\t\t\t\t<i aria-hidden=\"true\" class=\"eicon-chevron-right\"><\/i>\t\t\t\t\t\t<\/div>\n\t\t\t\t\t\t\t\t\t\t\t\t\t\t\t\t<div class=\"swiper-pagination\"><\/div>\n\t\t\t\t\t\t\t\t\t\t\t\t<\/div>\n\t\t\t\t<\/div>\n\t\t\t\t\t\t\t\t<\/div>\n\t\t\t\t<\/div>\n\t\t\t\t\t<\/div>\n\t\t<\/div>\n\t\t\t\t\t<\/div>\n\t\t<\/section>\n\t\t\t\t<section class=\"elementor-section elementor-top-section elementor-element elementor-element-b76fa53 elementor-section-boxed elementor-section-height-default elementor-section-height-default\" data-id=\"b76fa53\" data-element_type=\"section\" data-e-type=\"section\">\n\t\t\t\t\t\t<div class=\"elementor-container elementor-column-gap-default\">\n\t\t\t\t\t<div class=\"elementor-column elementor-col-100 elementor-top-column elementor-element elementor-element-2a9886a\" data-id=\"2a9886a\" data-element_type=\"column\" data-e-type=\"column\">\n\t\t\t<div class=\"elementor-widget-wrap elementor-element-populated\">\n\t\t\t\t\t\t<div class=\"elementor-element elementor-element-35c840e elementor-widget elementor-widget-spacer\" data-id=\"35c840e\" data-element_type=\"widget\" data-e-type=\"widget\" data-widget_type=\"spacer.default\">\n\t\t\t\t<div class=\"elementor-widget-container\">\n\t\t\t\t\t\t\t<div class=\"elementor-spacer\">\n\t\t\t<div class=\"elementor-spacer-inner\"><\/div>\n\t\t<\/div>\n\t\t\t\t\t\t<\/div>\n\t\t\t\t<\/div>\n\t\t\t\t<div class=\"elementor-element elementor-element-3b001188 elementor-widget elementor-widget-text-editor\" data-id=\"3b001188\" data-element_type=\"widget\" data-e-type=\"widget\" data-widget_type=\"text-editor.default\">\n\t\t\t\t<div class=\"elementor-widget-container\">\n\t\t\t\t\t\t\t\t\t<p><strong>Matafuegos Petrini<\/strong>\u00a0suma al conjunto de elementos que garantizan la seriedad y efectividad de su servicio, mayor potencial extintor, equipos pr\u00e1cticos y livianos, certificaciones, entre otros, su trayectoria de m\u00e1s de 40 a\u00f1os en el mercado, avalada por prestigiosa cartera de clientes que conf\u00eda en nosotros.<\/p>\t\t\t\t\t\t\t\t<\/div>\n\t\t\t\t<\/div>\n\t\t\t\t\t<\/div>\n\t\t<\/div>\n\t\t\t\t\t<\/div>\n\t\t<\/section>\n\t\t\t\t<\/div>\n\t\t","protected":false},"excerpt":{"rendered":"<p>Provisi\u00f3n, recarga y mantenimiento de Matafuegos\u2022 Recarga de matafuegos \u2022 Abono por mantenimiento de matafuegos y sistemas contra incendio \u2022 Controles y mantenimientos \u2022 Prueba hidr\u00e1ulica de manguerasSERVICIOSEquipos extintores manuales y rodantes\u2022 Clase (ABC): Polvo Qu\u00edmico. HCFC 123 Haloclean \u2022 Clase (BC): co2 Anh\u00eddrido Carb\u00f3nico \u2022 Clase (AB): AFFF \u2013 Light Water \u2022 Clase (A): &hellip; <\/p>\n<p class=\"link-more\"><a href=\"https:\/\/matafuegospetrini.com.ar\/\" class=\"more-link\">Segu\u00ed leyendo<span class=\"screen-reader-text\"> &#8220;Inicio&#8221;<\/span><\/a><\/p>\n","protected":false},"author":1,"featured_media":0,"parent":0,"menu_order":1,"comment_status":"closed","ping_status":"closed","template":"elementor_header_footer","meta":{"_monsterinsights_skip_tracking":false,"_monsterinsights_sitenote_active":false,"_monsterinsights_sitenote_note":"","_monsterinsights_sitenote_category":0,"footnotes":""},"class_list":["post-2","page","type-page","status-publish","hentry"],"_links":{"self":[{"href":"https:\/\/matafuegospetrini.com.ar\/index.php\/wp-json\/wp\/v2\/pages\/2","targetHints":{"allow":["GET"]}}],"collection":[{"href":"https:\/\/matafuegospetrini.com.ar\/index.php\/wp-json\/wp\/v2\/pages"}],"about":[{"href":"https:\/\/matafuegospetrini.com.ar\/index.php\/wp-json\/wp\/v2\/types\/page"}],"author":[{"embeddable":true,"href":"https:\/\/matafuegospetrini.com.ar\/index.php\/wp-json\/wp\/v2\/users\/1"}],"replies":[{"embeddable":true,"href":"https:\/\/matafuegospetrini.com.ar\/index.php\/wp-json\/wp\/v2\/comments?post=2"}],"version-history":[{"count":7,"href":"https:\/\/matafuegospetrini.com.ar\/index.php\/wp-json\/wp\/v2\/pages\/2\/revisions"}],"predecessor-version":[{"id":209,"href":"https:\/\/matafuegospetrini.com.ar\/index.php\/wp-json\/wp\/v2\/pages\/2\/revisions\/209"}],"wp:attachment":[{"href":"https:\/\/matafuegospetrini.com.ar\/index.php\/wp-json\/wp\/v2\/media?parent=2"}],"curies":[{"name":"wp","href":"https:\/\/api.w.org\/{rel}","templated":true}]}}