{"id":136,"date":"2018-12-10T22:54:33","date_gmt":"2018-12-11T01:54:33","guid":{"rendered":"http:\/\/matafuegospetrini.com.ar\/?page_id=136"},"modified":"2018-12-11T12:32:58","modified_gmt":"2018-12-11T15:32:58","slug":"extintores-de-incendio","status":"publish","type":"page","link":"https:\/\/matafuegospetrini.com.ar\/index.php\/informacion\/extintores-de-incendio\/","title":{"rendered":"Extintores de Incendio"},"content":{"rendered":"\t\t<div data-elementor-type=\"wp-post\" data-elementor-id=\"136\" class=\"elementor elementor-136 elementor-bc-flex-widget\" data-elementor-post-type=\"page\">\n\t\t\t\t\t\t<section class=\"elementor-section elementor-top-section elementor-element elementor-element-354bf93 elementor-section-boxed elementor-section-height-default elementor-section-height-default\" data-id=\"354bf93\" data-element_type=\"section\" data-e-type=\"section\" data-settings=\"{&quot;background_background&quot;:&quot;classic&quot;}\">\n\t\t\t\t\t\t\t<div class=\"elementor-background-overlay\"><\/div>\n\t\t\t\t\t\t\t<div class=\"elementor-container elementor-column-gap-default\">\n\t\t\t\t\t<div class=\"elementor-column elementor-col-100 elementor-top-column elementor-element elementor-element-702406b\" data-id=\"702406b\" data-element_type=\"column\" data-e-type=\"column\">\n\t\t\t<div class=\"elementor-widget-wrap elementor-element-populated\">\n\t\t\t\t\t\t<div class=\"elementor-element elementor-element-28be6d3 elementor-widget elementor-widget-spacer\" data-id=\"28be6d3\" data-element_type=\"widget\" data-e-type=\"widget\" data-widget_type=\"spacer.default\">\n\t\t\t\t<div class=\"elementor-widget-container\">\n\t\t\t\t\t\t\t<div class=\"elementor-spacer\">\n\t\t\t<div class=\"elementor-spacer-inner\"><\/div>\n\t\t<\/div>\n\t\t\t\t\t\t<\/div>\n\t\t\t\t<\/div>\n\t\t\t\t<div class=\"elementor-element elementor-element-fbfb31a elementor-widget elementor-widget-heading\" data-id=\"fbfb31a\" data-element_type=\"widget\" data-e-type=\"widget\" data-widget_type=\"heading.default\">\n\t\t\t\t<div class=\"elementor-widget-container\">\n\t\t\t\t\t<h2 class=\"elementor-heading-title elementor-size-default\">Extintores de Incendio<\/h2>\t\t\t\t<\/div>\n\t\t\t\t<\/div>\n\t\t\t\t<section class=\"elementor-section elementor-inner-section elementor-element elementor-element-27618db elementor-section-boxed elementor-section-height-default elementor-section-height-default\" data-id=\"27618db\" data-element_type=\"section\" data-e-type=\"section\" data-settings=\"{&quot;background_background&quot;:&quot;classic&quot;}\">\n\t\t\t\t\t\t<div class=\"elementor-container elementor-column-gap-wider\">\n\t\t\t\t\t<div class=\"elementor-column elementor-col-25 elementor-inner-column elementor-element elementor-element-92ef499\" data-id=\"92ef499\" data-element_type=\"column\" data-e-type=\"column\">\n\t\t\t<div class=\"elementor-widget-wrap elementor-element-populated\">\n\t\t\t\t\t\t<div class=\"elementor-element elementor-element-e80e359 elementor-widget elementor-widget-spacer\" data-id=\"e80e359\" data-element_type=\"widget\" data-e-type=\"widget\" data-widget_type=\"spacer.default\">\n\t\t\t\t<div class=\"elementor-widget-container\">\n\t\t\t\t\t\t\t<div class=\"elementor-spacer\">\n\t\t\t<div class=\"elementor-spacer-inner\"><\/div>\n\t\t<\/div>\n\t\t\t\t\t\t<\/div>\n\t\t\t\t<\/div>\n\t\t\t\t<div class=\"elementor-element elementor-element-07d92c6 elementor-position-left elementor-vertical-align-top elementor-widget elementor-widget-image-box\" data-id=\"07d92c6\" data-element_type=\"widget\" data-e-type=\"widget\" data-widget_type=\"image-box.default\">\n\t\t\t\t<div class=\"elementor-widget-container\">\n\t\t\t\t\t<div class=\"elementor-image-box-wrapper\"><figure class=\"elementor-image-box-img\"><img decoding=\"async\" width=\"111\" height=\"111\" src=\"https:\/\/matafuegospetrini.com.ar\/wp-content\/uploads\/2018\/12\/iso-matafuegos-petrini.png\" class=\"attachment-full size-full wp-image-18\" alt=\"\" srcset=\"https:\/\/matafuegospetrini.com.ar\/wp-content\/uploads\/2018\/12\/iso-matafuegos-petrini.png 111w, https:\/\/matafuegospetrini.com.ar\/wp-content\/uploads\/2018\/12\/iso-matafuegos-petrini-100x100.png 100w\" sizes=\"(max-width: 111px) 100vw, 111px\" \/><\/figure><div class=\"elementor-image-box-content\"><h3 class=\"elementor-image-box-title\">Extintores  de agua<\/h3><p class=\"elementor-image-box-description\">\u2022 Los extintores de agua act\u00faan \ndisminuyendo la temperatura por debajo de la de ignici\u00f3n.\nLos extintores de agua bajo presi\u00f3n son dise\u00f1ados para proteger \u00e1reas que contienen riesgos de fuego Clase A (combustibles \ns\u00f3lidos).\nAplicaciones t\u00edpicas: Carpinter\u00edas, industrias de muebles, aserraderos, dep\u00f3sitos, hospitales, etc.\t\n<\/p><\/div><\/div>\t\t\t\t<\/div>\n\t\t\t\t<\/div>\n\t\t\t\t\t<\/div>\n\t\t<\/div>\n\t\t\t\t<div class=\"elementor-column elementor-col-25 elementor-inner-column elementor-element elementor-element-206e6a8\" data-id=\"206e6a8\" data-element_type=\"column\" data-e-type=\"column\">\n\t\t\t<div class=\"elementor-widget-wrap elementor-element-populated\">\n\t\t\t\t\t\t<div class=\"elementor-element elementor-element-5fecc0e elementor-widget elementor-widget-spacer\" data-id=\"5fecc0e\" data-element_type=\"widget\" data-e-type=\"widget\" data-widget_type=\"spacer.default\">\n\t\t\t\t<div class=\"elementor-widget-container\">\n\t\t\t\t\t\t\t<div class=\"elementor-spacer\">\n\t\t\t<div class=\"elementor-spacer-inner\"><\/div>\n\t\t<\/div>\n\t\t\t\t\t\t<\/div>\n\t\t\t\t<\/div>\n\t\t\t\t<div class=\"elementor-element elementor-element-d8cd5e5 elementor-position-left elementor-vertical-align-top elementor-widget elementor-widget-image-box\" data-id=\"d8cd5e5\" data-element_type=\"widget\" data-e-type=\"widget\" data-widget_type=\"image-box.default\">\n\t\t\t\t<div class=\"elementor-widget-container\">\n\t\t\t\t\t<div class=\"elementor-image-box-wrapper\"><figure class=\"elementor-image-box-img\"><img decoding=\"async\" width=\"111\" height=\"111\" src=\"https:\/\/matafuegospetrini.com.ar\/wp-content\/uploads\/2018\/12\/iso-matafuegos-petrini.png\" class=\"attachment-full size-full wp-image-18\" alt=\"\" srcset=\"https:\/\/matafuegospetrini.com.ar\/wp-content\/uploads\/2018\/12\/iso-matafuegos-petrini.png 111w, https:\/\/matafuegospetrini.com.ar\/wp-content\/uploads\/2018\/12\/iso-matafuegos-petrini-100x100.png 100w\" sizes=\"(max-width: 111px) 100vw, 111px\" \/><\/figure><div class=\"elementor-image-box-content\"><h3 class=\"elementor-image-box-title\">Extintores  de espuma<\/h3><p class=\"elementor-image-box-description\">\u2022 Los extintores de espuma adem\u00e1s de bajar la temperatura a\u00edslan la superficie en llamas del ox\u00edgeno.\nLos extintores de agua con AFFF son dise\u00f1ados para proteger \u00e1reas que contienen riesgos de fuego Clase A (combustibles s\u00f3lidos) y Clase B (combustibles l\u00edquidos y gaseosos).\nAplicaciones t\u00edpicas: Industrias qu\u00edmicas, petroleras, laboratorios, comercios de distribuci\u00f3n de productos qu\u00edmicos, transporte, buques, aeronavegaci\u00f3n.\t\n<\/p><\/div><\/div>\t\t\t\t<\/div>\n\t\t\t\t<\/div>\n\t\t\t\t\t<\/div>\n\t\t<\/div>\n\t\t\t\t<div class=\"elementor-column elementor-col-25 elementor-inner-column elementor-element elementor-element-40f2584\" data-id=\"40f2584\" data-element_type=\"column\" data-e-type=\"column\">\n\t\t\t<div class=\"elementor-widget-wrap elementor-element-populated\">\n\t\t\t\t\t\t<div class=\"elementor-element elementor-element-a6d5ffa elementor-widget elementor-widget-spacer\" data-id=\"a6d5ffa\" data-element_type=\"widget\" data-e-type=\"widget\" data-widget_type=\"spacer.default\">\n\t\t\t\t<div class=\"elementor-widget-container\">\n\t\t\t\t\t\t\t<div class=\"elementor-spacer\">\n\t\t\t<div class=\"elementor-spacer-inner\"><\/div>\n\t\t<\/div>\n\t\t\t\t\t\t<\/div>\n\t\t\t\t<\/div>\n\t\t\t\t<div class=\"elementor-element elementor-element-a1836a6 elementor-position-left elementor-vertical-align-top elementor-widget elementor-widget-image-box\" data-id=\"a1836a6\" data-element_type=\"widget\" data-e-type=\"widget\" data-widget_type=\"image-box.default\">\n\t\t\t\t<div class=\"elementor-widget-container\">\n\t\t\t\t\t<div class=\"elementor-image-box-wrapper\"><figure class=\"elementor-image-box-img\"><img decoding=\"async\" width=\"111\" height=\"111\" src=\"https:\/\/matafuegospetrini.com.ar\/wp-content\/uploads\/2018\/12\/iso-matafuegos-petrini.png\" class=\"attachment-full size-full wp-image-18\" alt=\"\" srcset=\"https:\/\/matafuegospetrini.com.ar\/wp-content\/uploads\/2018\/12\/iso-matafuegos-petrini.png 111w, https:\/\/matafuegospetrini.com.ar\/wp-content\/uploads\/2018\/12\/iso-matafuegos-petrini-100x100.png 100w\" sizes=\"(max-width: 111px) 100vw, 111px\" \/><\/figure><div class=\"elementor-image-box-content\"><h3 class=\"elementor-image-box-title\">Extintores de di\u00f3xido  de carbono<\/h3><p class=\"elementor-image-box-description\">\u2022 Eliminan el ox\u00edgeno del tetraedro del fuego creando una atm\u00f3sfera inerte y disminuyen el calor debido a la baja temperatura del mismo. Deben usarse \u00fanicamente para extinguir fuegos clase B o C. Son poco efectivos para fuegos clase A.\nLos extintores de di\u00f3xido de carbono son dise\u00f1ados para proteger \u00e1reas que contienen riesgos de incendio Clase B (combustibles l\u00edquidos y gaseosos) y Clase C (equipos el\u00e9ctricos energizados).\nAplicaciones t\u00edpicas: Industrias, equipos el\u00e9ctricos, viviendas, transporte, comercios, escuelas, aviaci\u00f3n, garajes, etc.\t<\/p><\/div><\/div>\t\t\t\t<\/div>\n\t\t\t\t<\/div>\n\t\t\t\t\t<\/div>\n\t\t<\/div>\n\t\t\t\t<div class=\"elementor-column elementor-col-25 elementor-inner-column elementor-element elementor-element-2168482\" data-id=\"2168482\" data-element_type=\"column\" data-e-type=\"column\">\n\t\t\t<div class=\"elementor-widget-wrap elementor-element-populated\">\n\t\t\t\t\t\t<div class=\"elementor-element elementor-element-288017a elementor-widget elementor-widget-spacer\" data-id=\"288017a\" data-element_type=\"widget\" data-e-type=\"widget\" data-widget_type=\"spacer.default\">\n\t\t\t\t<div class=\"elementor-widget-container\">\n\t\t\t\t\t\t\t<div class=\"elementor-spacer\">\n\t\t\t<div class=\"elementor-spacer-inner\"><\/div>\n\t\t<\/div>\n\t\t\t\t\t\t<\/div>\n\t\t\t\t<\/div>\n\t\t\t\t<div class=\"elementor-element elementor-element-884a8b0 elementor-position-left elementor-vertical-align-top elementor-widget elementor-widget-image-box\" data-id=\"884a8b0\" data-element_type=\"widget\" data-e-type=\"widget\" data-widget_type=\"image-box.default\">\n\t\t\t\t<div class=\"elementor-widget-container\">\n\t\t\t\t\t<div class=\"elementor-image-box-wrapper\"><figure class=\"elementor-image-box-img\"><img decoding=\"async\" width=\"111\" height=\"111\" src=\"https:\/\/matafuegospetrini.com.ar\/wp-content\/uploads\/2018\/12\/iso-matafuegos-petrini.png\" class=\"attachment-full size-full wp-image-18\" alt=\"\" srcset=\"https:\/\/matafuegospetrini.com.ar\/wp-content\/uploads\/2018\/12\/iso-matafuegos-petrini.png 111w, https:\/\/matafuegospetrini.com.ar\/wp-content\/uploads\/2018\/12\/iso-matafuegos-petrini-100x100.png 100w\" sizes=\"(max-width: 111px) 100vw, 111px\" \/><\/figure><div class=\"elementor-image-box-content\"><h3 class=\"elementor-image-box-title\">Extintores de Polvo  Qu\u00edmico Seco<\/h3><p class=\"elementor-image-box-description\">\u2022 Act\u00faan interrumpiendo la reacci\u00f3n qu\u00edmica presente en el fuego.\nEl polvo qu\u00edmico ABC es el extintor m\u00e1s utilizado en la actualidad y es efectivo para fuegos clase A, B y C. \nEn los fuegos clase A act\u00faa enfriando la superficie en llamas ya que se funde, absorbiendo calor, adem\u00e1s crea una barrera entre el ox\u00edgeno y el combustible en llamas. Los extintores de polvo \nqu\u00edmico seco son dise\u00f1ados para proteger \u00e1reas que contienen riesgos de fuego Clase A (combustibles s\u00f3lidos), Clase B (combustibles l\u00edquidos y gaseosos), Clase C (equipos \nel\u00e9ctricos energizados). Existen polvos qu\u00edmicos para fuegos B y C, utilizados generalmente cuando no\nexisten elementos que producen fuegos de clase A ( por ej. en la industria petrolera ).\nAplicaciones t\u00edpicas: Industrias, oficinas, viviendas, transporte, comercios, etc.<\/p><\/div><\/div>\t\t\t\t<\/div>\n\t\t\t\t<\/div>\n\t\t\t\t\t<\/div>\n\t\t<\/div>\n\t\t\t\t\t<\/div>\n\t\t<\/section>\n\t\t\t\t<section class=\"elementor-section elementor-inner-section elementor-element elementor-element-0cb0c27 elementor-section-boxed elementor-section-height-default elementor-section-height-default\" data-id=\"0cb0c27\" data-element_type=\"section\" data-e-type=\"section\" data-settings=\"{&quot;background_background&quot;:&quot;classic&quot;,&quot;shape_divider_top&quot;:&quot;tilt&quot;}\">\n\t\t\t\t\t<div class=\"elementor-shape elementor-shape-top\" aria-hidden=\"true\" data-negative=\"false\">\n\t\t\t<svg xmlns=\"http:\/\/www.w3.org\/2000\/svg\" viewBox=\"0 0 1000 100\" preserveAspectRatio=\"none\">\n\t<path class=\"elementor-shape-fill\" d=\"M0,6V0h1000v100L0,6z\"\/>\n<\/svg>\t\t<\/div>\n\t\t\t\t\t<div class=\"elementor-container elementor-column-gap-wider\">\n\t\t\t\t\t<div class=\"elementor-column elementor-col-25 elementor-inner-column elementor-element elementor-element-46d94a7\" data-id=\"46d94a7\" data-element_type=\"column\" data-e-type=\"column\">\n\t\t\t<div class=\"elementor-widget-wrap elementor-element-populated\">\n\t\t\t\t\t\t<div class=\"elementor-element elementor-element-8af524a elementor-widget elementor-widget-spacer\" data-id=\"8af524a\" data-element_type=\"widget\" data-e-type=\"widget\" data-widget_type=\"spacer.default\">\n\t\t\t\t<div class=\"elementor-widget-container\">\n\t\t\t\t\t\t\t<div class=\"elementor-spacer\">\n\t\t\t<div class=\"elementor-spacer-inner\"><\/div>\n\t\t<\/div>\n\t\t\t\t\t\t<\/div>\n\t\t\t\t<\/div>\n\t\t\t\t<div class=\"elementor-element elementor-element-a212c8c elementor-position-left elementor-vertical-align-top elementor-widget elementor-widget-image-box\" data-id=\"a212c8c\" data-element_type=\"widget\" data-e-type=\"widget\" data-widget_type=\"image-box.default\">\n\t\t\t\t<div class=\"elementor-widget-container\">\n\t\t\t\t\t<div class=\"elementor-image-box-wrapper\"><figure class=\"elementor-image-box-img\"><img decoding=\"async\" width=\"111\" height=\"111\" src=\"https:\/\/matafuegospetrini.com.ar\/wp-content\/uploads\/2018\/12\/iso-matafuegos-petrini.png\" class=\"attachment-full size-full wp-image-18\" alt=\"\" srcset=\"https:\/\/matafuegospetrini.com.ar\/wp-content\/uploads\/2018\/12\/iso-matafuegos-petrini.png 111w, https:\/\/matafuegospetrini.com.ar\/wp-content\/uploads\/2018\/12\/iso-matafuegos-petrini-100x100.png 100w\" sizes=\"(max-width: 111px) 100vw, 111px\" \/><\/figure><div class=\"elementor-image-box-content\"><h3 class=\"elementor-image-box-title\">Extintores para fuegos clase K a base de de Acetato de Potasio<\/h3><p class=\"elementor-image-box-description\">\u2022 Estos extintores contienen una soluci\u00f3n a base de acetato de potasio, para ser utilizados en la extinci\u00f3n de fuegos de aceites vegetales no saturados para los que se requiere un agente extintor que produzca un agente refrigerante y que reaccione con el aceite produciendo un efecto de saponificaci\u00f3n que sella la superficie aisl\u00e1ndola del oxigeno. \nLa fina nube vaporizada previene que el aceite salpique, atacando solamente la superficie del fuego. Los extintores a base de acetato de potasio para fuegos de clase K fueron creados para extinguir fuegos de aceites vegetales en freidoras de cocinas comerciales.\nAplicaciones t\u00edpicas son: restaurantes, etc.<\/p><\/div><\/div>\t\t\t\t<\/div>\n\t\t\t\t<\/div>\n\t\t\t\t\t<\/div>\n\t\t<\/div>\n\t\t\t\t<div class=\"elementor-column elementor-col-25 elementor-inner-column elementor-element elementor-element-ece213d\" data-id=\"ece213d\" data-element_type=\"column\" data-e-type=\"column\">\n\t\t\t<div class=\"elementor-widget-wrap elementor-element-populated\">\n\t\t\t\t\t\t<div class=\"elementor-element elementor-element-bb88d4d elementor-widget elementor-widget-spacer\" data-id=\"bb88d4d\" data-element_type=\"widget\" data-e-type=\"widget\" data-widget_type=\"spacer.default\">\n\t\t\t\t<div class=\"elementor-widget-container\">\n\t\t\t\t\t\t\t<div class=\"elementor-spacer\">\n\t\t\t<div class=\"elementor-spacer-inner\"><\/div>\n\t\t<\/div>\n\t\t\t\t\t\t<\/div>\n\t\t\t\t<\/div>\n\t\t\t\t<div class=\"elementor-element elementor-element-284c7a4 elementor-position-left elementor-vertical-align-top elementor-widget elementor-widget-image-box\" data-id=\"284c7a4\" data-element_type=\"widget\" data-e-type=\"widget\" data-widget_type=\"image-box.default\">\n\t\t\t\t<div class=\"elementor-widget-container\">\n\t\t\t\t\t<div class=\"elementor-image-box-wrapper\"><figure class=\"elementor-image-box-img\"><img decoding=\"async\" width=\"111\" height=\"111\" src=\"https:\/\/matafuegospetrini.com.ar\/wp-content\/uploads\/2018\/12\/iso-matafuegos-petrini.png\" class=\"attachment-full size-full wp-image-18\" alt=\"\" srcset=\"https:\/\/matafuegospetrini.com.ar\/wp-content\/uploads\/2018\/12\/iso-matafuegos-petrini.png 111w, https:\/\/matafuegospetrini.com.ar\/wp-content\/uploads\/2018\/12\/iso-matafuegos-petrini-100x100.png 100w\" sizes=\"(max-width: 111px) 100vw, 111px\" \/><\/figure><div class=\"elementor-image-box-content\"><h3 class=\"elementor-image-box-title\">Extintores a base de productos Halogenados<\/h3><p class=\"elementor-image-box-description\">\u2022 Act\u00faan, al igual que los extintores a base de polvo, interrumpiendo la reacci\u00f3n qu\u00edmica del tri\u00e1ngulo de fuego. Tienen la ventaja de ser agentes limpios, son aptos para fuegos de las clases A, B y C.\nLos extintores de HCFC 123 bajo presi\u00f3n son dise\u00f1ados para proteger \u00e1reas que contienen riesgos de fuego Clase A (combustibles s\u00f3lidos), Clase B (combustibles l\u00edquidos y gaseosos) y Clase C (equipos el\u00e9ctricos\nenergizados).\nAplicaciones t\u00edpicas: \u00e1reas de computadoras, comunicaciones, bibliotecas, documentos, galer\u00edas de arte, laboratorios, etc.<\/p><\/div><\/div>\t\t\t\t<\/div>\n\t\t\t\t<\/div>\n\t\t\t\t\t<\/div>\n\t\t<\/div>\n\t\t\t\t<div class=\"elementor-column elementor-col-25 elementor-inner-column elementor-element elementor-element-1ebb126\" data-id=\"1ebb126\" data-element_type=\"column\" data-e-type=\"column\">\n\t\t\t<div class=\"elementor-widget-wrap elementor-element-populated\">\n\t\t\t\t\t\t<div class=\"elementor-element elementor-element-77c2c8f elementor-widget elementor-widget-spacer\" data-id=\"77c2c8f\" data-element_type=\"widget\" data-e-type=\"widget\" data-widget_type=\"spacer.default\">\n\t\t\t\t<div class=\"elementor-widget-container\">\n\t\t\t\t\t\t\t<div class=\"elementor-spacer\">\n\t\t\t<div class=\"elementor-spacer-inner\"><\/div>\n\t\t<\/div>\n\t\t\t\t\t\t<\/div>\n\t\t\t\t<\/div>\n\t\t\t\t<div class=\"elementor-element elementor-element-19265a7 elementor-position-left elementor-vertical-align-top elementor-widget elementor-widget-image-box\" data-id=\"19265a7\" data-element_type=\"widget\" data-e-type=\"widget\" data-widget_type=\"image-box.default\">\n\t\t\t\t<div class=\"elementor-widget-container\">\n\t\t\t\t\t<div class=\"elementor-image-box-wrapper\"><figure class=\"elementor-image-box-img\"><img decoding=\"async\" width=\"111\" height=\"111\" src=\"https:\/\/matafuegospetrini.com.ar\/wp-content\/uploads\/2018\/12\/iso-matafuegos-petrini.png\" class=\"attachment-full size-full wp-image-18\" alt=\"\" srcset=\"https:\/\/matafuegospetrini.com.ar\/wp-content\/uploads\/2018\/12\/iso-matafuegos-petrini.png 111w, https:\/\/matafuegospetrini.com.ar\/wp-content\/uploads\/2018\/12\/iso-matafuegos-petrini-100x100.png 100w\" sizes=\"(max-width: 111px) 100vw, 111px\" \/><\/figure><div class=\"elementor-image-box-content\"><h3 class=\"elementor-image-box-title\">Extintores de Polvo  para fuegos clase D<\/h3><p class=\"elementor-image-box-description\">\u2022 Son similares a los de qu\u00edmico seco, pero act\u00faan separando el ox\u00edgeno del combustible o eliminando el calor.\nSolamente son efectivos para fuegos clase D metales combustibles.<\/p><\/div><\/div>\t\t\t\t<\/div>\n\t\t\t\t<\/div>\n\t\t\t\t\t<\/div>\n\t\t<\/div>\n\t\t\t\t<div class=\"elementor-column elementor-col-25 elementor-inner-column elementor-element elementor-element-e6ef2cc\" data-id=\"e6ef2cc\" data-element_type=\"column\" data-e-type=\"column\">\n\t\t\t<div class=\"elementor-widget-wrap elementor-element-populated\">\n\t\t\t\t\t\t<div class=\"elementor-element elementor-element-34b5953 elementor-widget elementor-widget-spacer\" data-id=\"34b5953\" data-element_type=\"widget\" data-e-type=\"widget\" data-widget_type=\"spacer.default\">\n\t\t\t\t<div class=\"elementor-widget-container\">\n\t\t\t\t\t\t\t<div class=\"elementor-spacer\">\n\t\t\t<div class=\"elementor-spacer-inner\"><\/div>\n\t\t<\/div>\n\t\t\t\t\t\t<\/div>\n\t\t\t\t<\/div>\n\t\t\t\t<div class=\"elementor-element elementor-element-7b6ada5 elementor-position-left elementor-vertical-align-top elementor-widget elementor-widget-image-box\" data-id=\"7b6ada5\" data-element_type=\"widget\" data-e-type=\"widget\" data-widget_type=\"image-box.default\">\n\t\t\t\t<div class=\"elementor-widget-container\">\n\t\t\t\t\t<div class=\"elementor-image-box-wrapper\"><figure class=\"elementor-image-box-img\"><img decoding=\"async\" width=\"111\" height=\"111\" src=\"https:\/\/matafuegospetrini.com.ar\/wp-content\/uploads\/2018\/12\/iso-matafuegos-petrini.png\" class=\"attachment-full size-full wp-image-18\" alt=\"\" srcset=\"https:\/\/matafuegospetrini.com.ar\/wp-content\/uploads\/2018\/12\/iso-matafuegos-petrini.png 111w, https:\/\/matafuegospetrini.com.ar\/wp-content\/uploads\/2018\/12\/iso-matafuegos-petrini-100x100.png 100w\" sizes=\"(max-width: 111px) 100vw, 111px\" \/><\/figure><div class=\"elementor-image-box-content\"><h3 class=\"elementor-image-box-title\">Extintores de  Agua Vaporizada<\/h3><p class=\"elementor-image-box-description\">\u2022 Los matafuegos de agua pulverizada son dise\u00f1ados para proteger todas las \u00e1reas que contienen riesgos de fuegos Clase A (combustibles s\u00f3lidos) y Clase C (equipos el\u00e9ctricos energizados) en forma eficiente y segura.\nTienen una boquilla de salida especialmente dise\u00f1ada para producir una salida del agua en forma de niebla , que sumado a que el agente extintor es agua destilada, lo convierten en un \nagente extintor que no conduce la electricidad y adem\u00e1s no da\u00f1a los equipos electr\u00f3nicos que no son atacados por el fuego.\nAplicaciones t\u00edpicas son: servicios a\u00e9reos, edificios de departamentos, bancos museos oficinas, hospitales, centro de c\u00f3mputos, industrias electr\u00f3nicas, centro de telecomunicaciones, etc.<\/p><\/div><\/div>\t\t\t\t<\/div>\n\t\t\t\t<\/div>\n\t\t\t\t\t<\/div>\n\t\t<\/div>\n\t\t\t\t\t<\/div>\n\t\t<\/section>\n\t\t\t\t<div class=\"elementor-element elementor-element-32395bb elementor-widget elementor-widget-spacer\" data-id=\"32395bb\" data-element_type=\"widget\" data-e-type=\"widget\" data-widget_type=\"spacer.default\">\n\t\t\t\t<div class=\"elementor-widget-container\">\n\t\t\t\t\t\t\t<div class=\"elementor-spacer\">\n\t\t\t<div class=\"elementor-spacer-inner\"><\/div>\n\t\t<\/div>\n\t\t\t\t\t\t<\/div>\n\t\t\t\t<\/div>\n\t\t\t\t\t<\/div>\n\t\t<\/div>\n\t\t\t\t\t<\/div>\n\t\t<\/section>\n\t\t\t\t<\/div>\n\t\t","protected":false},"excerpt":{"rendered":"<p>Extintores de Incendio Extintores de agua \u2022 Los extintores de agua act\u00faan disminuyendo la temperatura por debajo de la de ignici\u00f3n. Los extintores de agua bajo presi\u00f3n son dise\u00f1ados para proteger \u00e1reas que contienen riesgos de fuego Clase A (combustibles s\u00f3lidos). Aplicaciones t\u00edpicas: Carpinter\u00edas, industrias de muebles, aserraderos, dep\u00f3sitos, hospitales, etc. Extintores de espuma \u2022 &hellip; <\/p>\n<p class=\"link-more\"><a href=\"https:\/\/matafuegospetrini.com.ar\/index.php\/informacion\/extintores-de-incendio\/\" class=\"more-link\">Segu\u00ed leyendo<span class=\"screen-reader-text\"> &#8220;Extintores de Incendio&#8221;<\/span><\/a><\/p>\n","protected":false},"author":1,"featured_media":0,"parent":93,"menu_order":2,"comment_status":"closed","ping_status":"closed","template":"elementor_header_footer","meta":{"_monsterinsights_skip_tracking":false,"_monsterinsights_sitenote_active":false,"_monsterinsights_sitenote_note":"","_monsterinsights_sitenote_category":0,"footnotes":""},"class_list":["post-136","page","type-page","status-publish","hentry"],"_links":{"self":[{"href":"https:\/\/matafuegospetrini.com.ar\/index.php\/wp-json\/wp\/v2\/pages\/136","targetHints":{"allow":["GET"]}}],"collection":[{"href":"https:\/\/matafuegospetrini.com.ar\/index.php\/wp-json\/wp\/v2\/pages"}],"about":[{"href":"https:\/\/matafuegospetrini.com.ar\/index.php\/wp-json\/wp\/v2\/types\/page"}],"author":[{"embeddable":true,"href":"https:\/\/matafuegospetrini.com.ar\/index.php\/wp-json\/wp\/v2\/users\/1"}],"replies":[{"embeddable":true,"href":"https:\/\/matafuegospetrini.com.ar\/index.php\/wp-json\/wp\/v2\/comments?post=136"}],"version-history":[{"count":5,"href":"https:\/\/matafuegospetrini.com.ar\/index.php\/wp-json\/wp\/v2\/pages\/136\/revisions"}],"predecessor-version":[{"id":217,"href":"https:\/\/matafuegospetrini.com.ar\/index.php\/wp-json\/wp\/v2\/pages\/136\/revisions\/217"}],"up":[{"embeddable":true,"href":"https:\/\/matafuegospetrini.com.ar\/index.php\/wp-json\/wp\/v2\/pages\/93"}],"wp:attachment":[{"href":"https:\/\/matafuegospetrini.com.ar\/index.php\/wp-json\/wp\/v2\/media?parent=136"}],"curies":[{"name":"wp","href":"https:\/\/api.w.org\/{rel}","templated":true}]}}